{"id":1604,"date":"2018-05-30T10:45:59","date_gmt":"2018-05-30T08:45:59","guid":{"rendered":"https:\/\/www.seairlandshots.com\/?page_id=1604"},"modified":"2018-08-27T11:32:08","modified_gmt":"2018-08-27T09:32:08","slug":"comando-logistico-aeronautica-militare","status":"publish","type":"page","link":"https:\/\/www.seairlandshots.com\/index.php\/comando-logistico-aeronautica-militare\/","title":{"rendered":"AEROLOG"},"content":{"rendered":"<p>&nbsp;<\/p>\n<p><img loading=\"lazy\" decoding=\"async\" class=\"aligncenter size-full wp-image-1674\" src=\"https:\/\/www.seairlandshots.com\/wp-content\/uploads\/2018\/06\/Comando_Logistico.svg_.png\" alt=\"\" width=\"243\" height=\"300\" \/><\/p>\n<p>ll Comando logistico dell&#8217;Aeronautica Militare (<strong>AEROLOG<\/strong>) \u00e8 stato costuituito il 1\u00b0marzo 1999 \u00a0ha sede a Palazzo Aeronautica a Roma ed \u00e8 uno dei tre comandi di vertice di forza armata \u00a0(con il Comando della Squadra Aerea e il Comando delle Scuole); ha accorpato i preesistenti Ispettorato Logistico e Ispettorato delle Telecomunicazioni ed Assistenza al Volo.<\/p>\n<p>E\u2019 retto dal Generale di Squadra Aerea Giovanni Fantuzzi e gerarchicamente dipende direttamente dal Capo di Stato Maggiore dell\u2019Aeronautica.<\/p>\n<p>I compiti del Comando Logistico, vertice della struttura tecnica, logistica ed amministrativa della F.A., \u00a0sono estremamente vari spaziando dai reparti manutenzione a quelli legati alla medicina aerospaziale, dai rifornimenti alle prove sui materiali e cos\u00ec via. Si occupa inoltre dell&#8217;approvvigionamento, della conservazione e della distribuzione dei mezzi e dei materiali necessari alla vita dei Reparti<\/p>\n<p>Quello della logistica \u00e8 un settore di importanza vitale per la Forza Armata in quanto senza il suo apporto qualunque attivita\u2019 sarebbe impossibile. Quasi sempre il personale di AEROLOG \u00e8 il primo ad arrivare e l\u2019ultimo a lasciare l\u2019area; si pensi ad esempio ad una base fuori area in territorio desertico: prima dell\u2019arrivo dei mezzi aerei \u00e8 necessario costruire le strutture, adattare la pista ecc e lo stesso avviene a operazione conclusa per smobilitare. Sono tutti campi di interesse del Comando Logistico.<\/p>\n<p>Altro aspetto interessante e spesso trascurato \u00e8 il grande contributo dato da tale Comando in caso di emergenze in soccorso della popolazione civile. Come tristemente abbiamo avuto modo di constatare ad esempio nel caso dei terremoti dell\u2019Aquila e nel centro Italia, tra i primi soccorritori ad arrivare ci sono stati gli uomini delle Forze Armate e tra questi i mezzi del Comando Logistico AM. Di vitale importanza in questi frangenti \u00e8 il coordinamento dei mezzi di soccorso impegnati e tale obiettivo \u00e8 stato raggiunto con le sale operative e la torre di controllo mobile di AEROLOG.<\/p>\n<p>Inoltre il Comando Logistico AM \u00e8 da qualche tempo impegnato sul fronte dell\u2019innovazione dei processi e della Logistica 4.0. Tutto quello che avviene all\u2019interno dei Reparti del Comando Logistico \u00e8 gestito in maniera impeccabile da avanzati software, come ad esempio il SILEF, che permettono in tempo reale il controllo dello stato di efficienza di tutte le apparcchiature della Forza Armata, comprendendo anche la gestione dei magazzini e le manutenzioni calendariali. Se si pensa che di competenza di AEROLOG sono le manutenzioni degli aerei, degli elicotteri ma anche delle apparecchiature TBT, TLC, radar per la difesa aerea e radar per il controllo del traffico aereo, degli armamenti fino ad arrivare ai compressori e le idropulitrici si capisce l\u2019immensa complessita\u2019 di tutto cio\u2019. Grazie all\u2019esperienza del personale e all\u2019adozione di opportune tecnologie la Forza Armata riesce sempre ad avere in ottima efficienza tutto cio\u2019 di cui ha bisogno.<\/p>\n<p>Tra l\u2019altro a Borgo Piave (per la componentistica radar e TLC) e a Cameri (per i ricambi del velivolo F 35) sono operativi due avanzatissimi magazzini con trasloelevatore (dove un opeartore \u00e8 in grado da solo di gestire un immenso magazzino grazie all\u2019aiuto di veri e propri robots).<\/p>\n<p>Ma AEROLOG \u00e8 anche alta ingegneria, con sperimentazioni sui materiali, laboratori chimici e fisici, medicina aerospaziale e medicina in zona di guerra. Grande collaborazione c\u2019\u00e8 anche tra la Forza Armata e le industrie nazionali e questo a testimonianza delle grandi competenze del personale di AEROLOG.<\/p>\n<p>I reparti che fanno capo ad AEROLOG sono distribuiti su tutto il territorio nazionale. Il Comando Logistico \u00e8 cos\u00ec formato:<\/p>\n<p>&nbsp;<\/p>\n<p><strong>Centro Sperimentale Volo<\/strong>: riveste funzioni di sperimentazione collaudo e ottimizzazione dei nuovi sistemi d&#8217;arma, \u00e8 comandata da un gen. DA, da cui dipendono:<\/p>\n<p>Reparto Sperimentale Volo<\/p>\n<ul>\n<li>\u00a0311\u00ba Gruppo volo;<\/li>\n<li>Gruppo sistemi spaziali;<\/li>\n<li>\u00a0Gruppo tecnico;<\/li>\n<li>Gruppo gestione software.<\/li>\n<\/ul>\n<p>Reparto chimico:<\/p>\n<ul>\n<li>Gruppo materiali strutturali,<\/li>\n<li>Gruppo materiali di consumo;<\/li>\n<li>Gruppo controlli non distruttivi;<\/li>\n<li>Gruppo analisi e prove chimico\/fisiche.<\/li>\n<\/ul>\n<p>Reparto armamento<\/p>\n<ul>\n<li>Gruppo armamento convenzionale;<\/li>\n<li>Gruppo indagini balistiche;<\/li>\n<li>Gruppo indagini tecniche.<\/li>\n<\/ul>\n<p>Reparto medicina aeronautica e spaziale:<\/p>\n<ul>\n<li>Gruppo alta quota ed ambienti estremi;<\/li>\n<li>Gruppo biodinamica;<\/li>\n<li>Gruppo fattori umani.<\/li>\n<\/ul>\n<p><strong>2\u00aa Divisione<\/strong> assicura l&#8217;efficienza tecnica e il supporto logistico dei sistemi d&#8217;arma e dei materiali d&#8217;armamento \u00e8 comandata da un gen. DA\/gen, isp. GArn, da cui dipendono:<\/p>\n<p>1\u00ba Reparto supporto aeromobili<\/p>\n<p>2\u00ba Reparto supporto sistemi armamento\/avionica<\/p>\n<p>Centro polifunzionale velivoli aerotattici di Cameri, il quale comprende:<\/p>\n<ul>\n<li>\u00a01\u00ba Reparto manutenzione velivoli (RMV) Cameri (linee Tornado ed Eurofighter);<\/li>\n<li>aeroporto di Cameri;<\/li>\n<li>\u00a0Nucleo iniziale formazione (NIF) &#8211; JSF Cameri;<\/li>\n<\/ul>\n<p>2\u00ba Reparto manutenzione missili (RMM) di Padova<\/p>\n<p>3\u00b0 RMV di Treviso;<\/p>\n<p>5\u00b0 GMV di Napoli Capodichino (A.G.E.);<\/p>\n<p>6\u00ba Reparto manutenzione elicotteri (RME) di Pratica di Mare;<\/p>\n<p>10\u00b0 RMV di Lecce;<\/p>\n<p>11\u00b0 RMV di Sigonella;<\/p>\n<p>11\u00b0 Deposito centrale di Orte;<\/p>\n<p>R.A.M.I. Warton (UK);<\/p>\n<p>R.A.M.I. Wichita (USA).<\/p>\n<p><strong>3\u00aa Divisione supporto tecnico operativo sistemi comando e controllo, comunicazioni e telematica<\/strong>\u00a0assicura l&#8217;efficienza tecnica e il supporto logistico dei sistemi di comando e controllo nonch\u00e9 degli impianti sistemi e mezzi di DA\/AV\/TLC\/METEO\/EAD \u00e8 comandata da un gen. DA, da cui dipendono<\/p>\n<p>\u00b7\u00a0\u00a0\u00a0\u00a0\u00a0\u00a0\u00a0\u00a0 1\u00ba Reparto sistemi D.A.\/A.V.\/TLC ed al 2\u00ba Reparto sistemi automatizzati:<\/p>\n<p>\u00b7\u00a0\u00a0\u00a0\u00a0\u00a0\u00a0\u00a0\u00a0 ReGISCC (Reparto gestione e innovazione sistemi comando e controllo) di Pratica di Mare;<\/p>\n<p>\u00b7\u00a0\u00a0\u00a0\u00a0\u00a0\u00a0\u00a0\u00a0 ReSIA (Reparto sistemi informatici automatizzati) Roma Acquasanta;<\/p>\n<p>\u00b7\u00a0\u00a0\u00a0\u00a0\u00a0\u00a0\u00a0\u00a0 4\u00aa Brigata telecomunicazioni e sistemi per la difesa aerea e l&#8217;assistenza al volo di Borgo Piave (LT), dal quale, a sua volta, dipendono:<\/p>\n<ul>\n<li>1\u00ba Reparto tecnico comunicazioni Milano:<\/li>\n<li>Sq. TLC Padova<\/li>\n<li>\u00a0Sq. TLC Monte Settepani;<\/li>\n<li>Sq. TLC Decimomannu;<\/li>\n<li>Sq. TLC Monte Rubello;<\/li>\n<li>Sq. TLC Monte Limbara;<\/li>\n<li>Sq. TLC METEO Brik della Croce<\/li>\n<li>2\u00ba Reparto tecnico comunicazioni Bari Palese:<\/li>\n<li>Sq. Comunicazioni Martinafranca;<\/li>\n<li>Sq. TLC Ciampino;<\/li>\n<li>Sq. TLC Trapani;<\/li>\n<li>Teleposto TLC Serralta S.Vito;<\/li>\n<li>Teleposto TLC METEO Passo della Porretta;<\/li>\n<li>Teleposto TLC METEO Terminillo;<\/li>\n<li>Teleposto TLC METEO Ponza;<\/li>\n<li>Teleposto TLC METEO Monte Argentario;<\/li>\n<li>\u00a0Teleposto TLC METEO Monte Calamita.<\/li>\n<li>Centro tecnico per la meteorologia Vigna di Valle.<\/li>\n<\/ul>\n<p><strong>Servizio dei supporti<\/strong>\u00a0assicura l&#8217;efficienza tecnica ed il supporto logistico nei settori trasporti, dogane, motorizzazione e carbolubrificanti \u00e8 comandata da un gen. DA oppure da un gen. isp. GaRN Chim, da cui dipendono<\/p>\n<p>\u00b7\u00a0\u00a0\u00a0\u00a0\u00a0\u00a0\u00a0\u00a0 1\u00ba Reparto Supporto Operativo<\/p>\n<p>\u00b7\u00a0\u00a0\u00a0\u00a0\u00a0\u00a0\u00a0\u00a0 2\u00b0 Rep. servizio chimico\/fisico:<\/p>\n<p>\u00b7\u00a0\u00a0\u00a0\u00a0\u00a0\u00a0\u00a0\u00a0 3\u00ba Stormo di Villafranca (assicura la capacit\u00e0 di sopravvivenza operativa ed il sostegno logistico ai Reparti di Volo, alle unit\u00e0 mobili sistemi missilistici e a componenti mobili del sistema di Comando e Controllo proiettati ad operare al di fuori delle proprie sedi stanziali);<\/p>\n<p>\u00b7\u00a0\u00a0\u00a0\u00a0\u00a0\u00a0\u00a0\u00a0 Distaccamento aeroportuale di Brindisi.<\/p>\n<p>\u00b7\u00a0\u00a0\u00a0\u00a0\u00a0\u00a0\u00a0\u00a0 Centro tecnico rifornimenti di Fiumicino, dal quale dipendono:<\/p>\n<ul>\n<li>Comando Rete POL di Parma;<\/li>\n<li>14\u00b0 D.C. Modena;<\/li>\n<li>64\u00b0 D.T. Porto S.Stefano;<\/li>\n<li>\u00a065\u00b0 D.T. Taranto;<\/li>\n<li>1\u00b0 GRS Novara;<\/li>\n<li>2\u00b0 GMA di Forl\u00ec;<\/li>\n<li>\u00a03\u00b0 GMA di Mungivacca;<\/li>\n<li>\u00a0Laboratori Tecnici AM di Controllo:<\/li>\n<li>1\u00b0 LTC di Padova;<\/li>\n<li>2\u00b0 LTC di Fiumicino;<\/li>\n<li>3\u00b0 LTC di Mungivacca;<\/li>\n<li>4\u00b0 LTC di Parma;<\/li>\n<li>5\u00b0 LTC di Decimomannu;<\/li>\n<li>6\u00b0 LTC di Trapani.<\/li>\n<li>\u00a0R.A.M.I. Torrejon (E);<\/li>\n<li>R.A.M.I. Erding (D);<\/li>\n<li>R.A.M.I. Bicester (UK)<\/li>\n<\/ul>\n<p><strong>Servizio di commissariato ed amministrazione<\/strong>\u00a0assicura il soddisfacimento di esigenze relative ai settori del contante, del vettovagliamento, del vestiario-equipaggiamento, del materiale ordinario, nonch\u00e9 della corresponsione dei trattamenti economici al personale della F.A. \u00e8 comandata da un gen. isp. CCrn, cos\u00ec composto:<\/p>\n<ul>\n<li>segreteria;<\/li>\n<li>ufficio gestione risorse e coordinamento operativo (UGeRCO);<\/li>\n<li>reparto commissariato, composto da 4 uffici, dalla Direzione di comm.to e dal magazzino centrale di comm.to di Guidonia;<\/li>\n<li>\u00a0reparto amministrazione, composto da 4 uffici (1\u00b0 2\u00b0 4\u00b0 e 5\u00b0) e, fino al 14.03.2014, dalla Direzione di amministrazione,\u00a0 \u00a0 \u00a0 \u00a0 \u00a0 \u00a0 \u00a0 \u00a0 \u00a0 \u00a0 \u00a0 \u00a0 \u00a0 \u00a0successivamente riordinata all&#8217;interno dell&#8217;U.G.C.R.A.-A.M. come ente super partes.<\/li>\n<\/ul>\n<p><strong>Servizio infrastrutture<\/strong> (assicura il soddisfacimento delle esigenze relative al settore delle infrastrutture in uso agli Enti e Reparti dell&#8217;A.M., con particolare riguardo alle piste ed alle infrastrutture di volo) \u00e8 comandata da un gen. isp. GaRN Infr. Imp., cos\u00ec composto:<\/p>\n<ul>\n<li>\u00a0Segreteria;<\/li>\n<li>\u00a0Ufficio gestione risorse e coordinamento operativo (UGeRCO);<\/li>\n<li>Ufficio contratti e amministrazione;<\/li>\n<li>Ufficio collaudi e certificazioni;<\/li>\n<li>1\u00ba Reparto genio A.M. di Villafranca e relativi S.T.D.I.;<\/li>\n<li>2\u00ba Reparto genio A.M. di Ciampino (unico tra i tre ad avere una sezione add.to e un laboratorio principale) e relativi S.T.D.I.;<\/li>\n<li>3\u00ba Reparto genio A.M. di Bari Palese e relativi S.T.D.I.<\/li>\n<\/ul>\n<p><strong>Servizio sanitario A.M.<\/strong>\u00a0assicura l&#8217;attivit\u00e0 di prevenzione e di assistenza sanitaria nei confronti del personale dell&#8217;A.M. \u00e8 comandata da un gen. isp. CSArn, cos\u00ec composto<\/p>\n<ul>\n<li>\u00a0istituto medico Legale (IML) (funzioni di Medicina Legale);<\/li>\n<li>\u00a0infermerie principali (sono 6 ed hanno funzioni di assistenza sanitaria);<\/li>\n<li>istituto di perfezionamento e addestramento in medicina aeronautica spaziale (funzioni addestrative e di aggiornamento).<\/li>\n<\/ul>\n<p><strong>Poligono sperimentale e di addestramento interforze (PISQ) del Salto di Quirra &#8211; Perdasdefogu<\/strong>\u00a0comandato da un generale di B.A., comprende la base ed il poligono &#8220;a terra&#8221; di Perdasdefogu ed il distaccamento A.M. di capo San Lorenzo. Il poligono alimentato da personale AM (50%), EI (35%) e MM (15%), attua le predisposizioni operative, tecniche e logistiche per la sperimentazione e la messa a punto di velivoli, missili e radiobersagli;<\/p>\n<p>&nbsp;<\/p>\n<p><img loading=\"lazy\" decoding=\"async\" class=\"aligncenter size-full wp-image-1618\" src=\"https:\/\/www.seairlandshots.com\/wp-content\/uploads\/2018\/05\/organigramma.jpg\" alt=\"\" width=\"911\" height=\"262\" srcset=\"https:\/\/www.seairlandshots.com\/wp-content\/uploads\/2018\/05\/organigramma.jpg 911w, https:\/\/www.seairlandshots.com\/wp-content\/uploads\/2018\/05\/organigramma-300x86.jpg 300w, https:\/\/www.seairlandshots.com\/wp-content\/uploads\/2018\/05\/organigramma-768x221.jpg 768w\" sizes=\"auto, (max-width: 911px) 100vw, 911px\" \/><\/p>\n<p>&nbsp;<\/p>\n<a href=\"https:\/\/www.seairlandshots.com\/index.php\/i-divisione\/\" class=\"shortc-button medium blue \">Centro Sperimentale Volo<\/a> <a href=\"https:\/\/www.seairlandshots.com\/index.php\/ii-divisione\/\" class=\"shortc-button medium blue \">II Divisione<\/a>\u00a0<a href=\"https:\/\/www.seairlandshots.com\/index.php\/iii-divisione\/\" class=\"shortc-button medium blue \">III Divisione<\/a>\u00a0<a href=\"https:\/\/www.seairlandshots.com\/index.php\/servizio-dei-supporti\/\" class=\"shortc-button medium blue \">Servizio Supporti<\/a> <a href=\"https:\/\/www.seairlandshots.com\/index.php\/servizio-infrastrutture\/\" class=\"shortc-button medium blue \">Servizio Infrastr.<\/a>\u00a0<a href=\"https:\/\/www.seairlandshots.com\/index.php\/servizio-commissariato-e-amministrazione\/\" class=\"shortc-button medium blue \">Ser.Comm.e Amm.<\/a>\u00a0<a href=\"https:\/\/www.seairlandshots.com\/index.php\/servizio-sanitario\/\" class=\"shortc-button medium blue \">Servizio Sanitario<\/a>\n","protected":false},"excerpt":{"rendered":"<p>&nbsp; ll Comando logistico dell&#8217;Aeronautica Militare (AEROLOG) \u00e8 stato costuituito il 1\u00b0marzo 1999 \u00a0ha sede a Palazzo Aeronautica a Roma ed \u00e8 uno dei tre comandi di vertice di forza armata \u00a0(con il Comando della Squadra Aerea e il Comando delle Scuole); ha accorpato i preesistenti Ispettorato Logistico e Ispettorato delle Telecomunicazioni ed Assistenza al &hellip;<\/p>\n","protected":false},"author":1,"featured_media":1674,"parent":0,"menu_order":0,"comment_status":"closed","ping_status":"closed","template":"","meta":{"footnotes":""},"class_list":["post-1604","page","type-page","status-publish","has-post-thumbnail",""],"_links":{"self":[{"href":"https:\/\/www.seairlandshots.com\/index.php\/wp-json\/wp\/v2\/pages\/1604","targetHints":{"allow":["GET"]}}],"collection":[{"href":"https:\/\/www.seairlandshots.com\/index.php\/wp-json\/wp\/v2\/pages"}],"about":[{"href":"https:\/\/www.seairlandshots.com\/index.php\/wp-json\/wp\/v2\/types\/page"}],"author":[{"embeddable":true,"href":"https:\/\/www.seairlandshots.com\/index.php\/wp-json\/wp\/v2\/users\/1"}],"replies":[{"embeddable":true,"href":"https:\/\/www.seairlandshots.com\/index.php\/wp-json\/wp\/v2\/comments?post=1604"}],"version-history":[{"count":25,"href":"https:\/\/www.seairlandshots.com\/index.php\/wp-json\/wp\/v2\/pages\/1604\/revisions"}],"predecessor-version":[{"id":2218,"href":"https:\/\/www.seairlandshots.com\/index.php\/wp-json\/wp\/v2\/pages\/1604\/revisions\/2218"}],"wp:featuredmedia":[{"embeddable":true,"href":"https:\/\/www.seairlandshots.com\/index.php\/wp-json\/wp\/v2\/media\/1674"}],"wp:attachment":[{"href":"https:\/\/www.seairlandshots.com\/index.php\/wp-json\/wp\/v2\/media?parent=1604"}],"curies":[{"name":"wp","href":"https:\/\/api.w.org\/{rel}","templated":true}]}}